{"id":69,"date":"2017-05-24T10:12:56","date_gmt":"2017-05-24T08:12:56","guid":{"rendered":"http:\/\/www.tarnabyskilodge.se\/?page_id=69"},"modified":"2017-06-20T12:15:01","modified_gmt":"2017-06-20T10:15:01","slug":"kontakt","status":"publish","type":"page","link":"https:\/\/www.tarnabyskilodge.se\/?page_id=69","title":{"rendered":"Kontakt"},"content":{"rendered":"<p>[et_pb_section bb_built=&#8221;1&#8243; admin_label=&#8221;section&#8221; fullwidth=&#8221;on&#8221;][et_pb_fullwidth_map admin_label=&#8221;Fullwidth Map&#8221; address=&#8221;Bl\u00e5 v\u00e4gen 30, 920 64 T\u00e4rnaby, Sverige&#8221; zoom_level=&#8221;15&#8243; address_lat=&#8221;65.7118557&#8243; address_lng=&#8221;15.251183800000035&#8243;] [et_pb_map_pin title=&#8221;T\u00e4rnabyskilodge&#8221; pin_address=&#8221;Fritidsv\u00e4gen 6D, 920 64 T\u00e4rnaby, Sverige&#8221; pin_address_lat=&#8221;65.71361555500834&#8243; pin_address_lng=&#8221;15.249057946324001&#8243;][\/et_pb_map_pin] [\/et_pb_fullwidth_map][\/et_pb_section][et_pb_section bb_built=&#8221;1&#8243; admin_label=&#8221;section&#8221;][et_pb_row admin_label=&#8221;row&#8221;][et_pb_column type=&#8221;2_3&#8243;][et_pb_contact_form admin_label=&#8221;Contact Form&#8221; captcha=&#8221;on&#8221; title=&#8221;Kontakta oss&#8221; module_id=&#8221;et_pb_contact_form_0&#8243; success_message=&#8221;Tack!! vi kontaktar dig s\u00e5 snart vi kan.&#8221; email=&#8221;maria@alvsbackafastigheter.se&#8221; use_redirect=&#8221;off&#8221; input_border_radius=&#8221;0&#8243; use_border_color=&#8221;off&#8221; border_color=&#8221;#ffffff&#8221; border_style=&#8221;solid&#8221; custom_button=&#8221;off&#8221; button_letter_spacing=&#8221;0&#8243; button_use_icon=&#8221;default&#8221; button_icon_placement=&#8221;right&#8221; button_on_hover=&#8221;on&#8221; button_letter_spacing_hover=&#8221;0&#8243;] [et_pb_contact_field field_id=&#8221;Name&#8221; field_title=&#8221;Namn&#8221;][\/et_pb_contact_field][et_pb_contact_field field_id=&#8221;Email&#8221; field_title=&#8221;E-postadress&#8221; field_type=&#8221;email&#8221;][\/et_pb_contact_field][et_pb_contact_field field_id=&#8221;Message&#8221; field_title=&#8221;Meddelande&#8221; field_type=&#8221;text&#8221; fullwidth_field=&#8221;on&#8221;][\/et_pb_contact_field] [\/et_pb_contact_form][\/et_pb_column][et_pb_column type=&#8221;1_3&#8243;][et_pb_text admin_label=&#8221;Text&#8221;]<\/p>\n<p>Bo bekv\u00e4mt p\u00e5 b\u00e4sta ski in\/ski out-l\u00e4ge i T\u00e4rnaby.\u00a0Stort nybyggt hus i lodge-stil som gr\u00e4nsar till Hassebacken och Linbanan.<\/p>\n<p>T\u00e4rnaby Ski Lodge passar utm\u00e4rkt f\u00f6r stora s\u00e4llskap, tv\u00e5 eller tre familjer, ledningsgruppen, f\u00f6retagsevent mm.<\/p>\n<p>T\u00e4rnaby Ski Lodge erbjuder 12 s\u00e4ngplatser, 2 badrum\/wc, bastu, skid-\/torkrum, tv\u00e4ttstuga, rej\u00e4lt k\u00f6k, stor matplats,\u00a0\u00f6ppen spis och fantastisk utsikt mot Ryfj\u00e4llet.<\/p>\n<p><strong>Address:<\/strong> Losp\u00e5ret 9<\/p>\n<p>920 64 T\u00e4rnaby N 65\u00b0 42&#8242; 50.16&#8243;, E 15\u00b0 14&#8242; 59.74&#8243;<\/p>\n<p><strong>Telefon:<\/strong> 070 664 57 22<\/p>\n<p>&nbsp;<\/p>\n<p>[\/et_pb_text][\/et_pb_column][\/et_pb_row][\/et_pb_section]<\/p>\n","protected":false},"excerpt":{"rendered":"<p>[et_pb_section bb_built=&#8221;1&#8243; admin_label=&#8221;section&#8221; fullwidth=&#8221;on&#8221;][et_pb_fullwidth_map admin_label=&#8221;Fullwidth Map&#8221; address=&#8221;Bl\u00e5 v\u00e4gen 30, 920 64 T\u00e4rnaby, Sverige&#8221; zoom_level=&#8221;15&#8243; address_lat=&#8221;65.7118557&#8243; address_lng=&#8221;15.251183800000035&#8243;] [et_pb_map_pin title=&#8221;T\u00e4rnabyskilodge&#8221; pin_address=&#8221;Fritidsv\u00e4gen 6D, 920 64 T\u00e4rnaby, Sverige&#8221; pin_address_lat=&#8221;65.71361555500834&#8243; pin_address_lng=&#8221;15.249057946324001&#8243;][\/et_pb_map_pin] [\/et_pb_fullwidth_map][\/et_pb_section][et_pb_section bb_built=&#8221;1&#8243; admin_label=&#8221;section&#8221;][et_pb_row admin_label=&#8221;row&#8221;][et_pb_column type=&#8221;2_3&#8243;][et_pb_contact_form admin_label=&#8221;Contact Form&#8221; captcha=&#8221;on&#8221; title=&#8221;Kontakta oss&#8221; module_id=&#8221;et_pb_contact_form_0&#8243; success_message=&#8221;Tack!! vi kontaktar dig s\u00e5 snart vi kan.&#8221; email=&#8221;maria@alvsbackafastigheter.se&#8221; use_redirect=&#8221;off&#8221; input_border_radius=&#8221;0&#8243; use_border_color=&#8221;off&#8221; border_color=&#8221;#ffffff&#8221; border_style=&#8221;solid&#8221; custom_button=&#8221;off&#8221; button_letter_spacing=&#8221;0&#8243; button_use_icon=&#8221;default&#8221; button_icon_placement=&#8221;right&#8221; [&hellip;]<\/p>\n","protected":false},"author":1,"featured_media":0,"parent":0,"menu_order":0,"comment_status":"closed","ping_status":"closed","template":"","meta":{"_et_pb_use_builder":"on","_et_pb_old_content":"","_et_gb_content_width":""},"_links":{"self":[{"href":"https:\/\/www.tarnabyskilodge.se\/index.php?rest_route=\/wp\/v2\/pages\/69"}],"collection":[{"href":"https:\/\/www.tarnabyskilodge.se\/index.php?rest_route=\/wp\/v2\/pages"}],"about":[{"href":"https:\/\/www.tarnabyskilodge.se\/index.php?rest_route=\/wp\/v2\/types\/page"}],"author":[{"embeddable":true,"href":"https:\/\/www.tarnabyskilodge.se\/index.php?rest_route=\/wp\/v2\/users\/1"}],"replies":[{"embeddable":true,"href":"https:\/\/www.tarnabyskilodge.se\/index.php?rest_route=%2Fwp%2Fv2%2Fcomments&post=69"}],"version-history":[{"count":9,"href":"https:\/\/www.tarnabyskilodge.se\/index.php?rest_route=\/wp\/v2\/pages\/69\/revisions"}],"predecessor-version":[{"id":162,"href":"https:\/\/www.tarnabyskilodge.se\/index.php?rest_route=\/wp\/v2\/pages\/69\/revisions\/162"}],"wp:attachment":[{"href":"https:\/\/www.tarnabyskilodge.se\/index.php?rest_route=%2Fwp%2Fv2%2Fmedia&parent=69"}],"curies":[{"name":"wp","href":"https:\/\/api.w.org\/{rel}","templated":true}]}}